{"id":156,"date":"2017-09-03T09:50:31","date_gmt":"2017-09-03T09:50:31","guid":{"rendered":"https:\/\/sascha-sippel.de\/beispielseite\/?page_id=156"},"modified":"2023-09-19T19:24:54","modified_gmt":"2023-09-19T17:24:54","slug":"hilfeleistungsloeschgruppenfahrzeug","status":"publish","type":"page","link":"https:\/\/feuerwehr-espenau.de\/index.php\/ueber-uns\/fahrzeuge\/hilfeleistungsloeschgruppenfahrzeug\/","title":{"rendered":"Hilfeleistungsl\u00f6schgruppenfahrzeug 20\/16"},"content":{"rendered":"<div class=\"mp-row-fluid motopress-row mpce-dsbl-margin-left mpce-dsbl-margin-right\">\n<div class=\"motopress-clmn mp-span12  mpce-dsbl-margin-left mpce-dsbl-margin-right\">\n<p><b>Hilfeleistungsl\u00f6schgruppenfahrzeug<\/b> (kurz: <i>HLF<\/i>) ist die Bezeichnung f\u00fcr einen Typ deutscher Feuerwehrfahrzeuge verschiedener Gr\u00f6\u00dfenordnung. Dieser Fahrzeugtyp ist eng mit dem L\u00f6schgruppenfahrzeug verwandt und wie dieses f\u00fcr eine Gruppe als Besatzung ausgelegt. Wesentlicher Unterschied zum L\u00f6schgruppenfahrzeug ist die umfangreiche Ausr\u00fcstung f\u00fcr die Technische Hilfeleistung, wie z.B. ein Feuerwehr-Spreizer und Schere, T\u00fcr\u00f6ffnungswerkzeug oder auch eine Verkehrsabsicherungs-Haspel.<\/p>\n<p><b>Motorleistung: <\/b>286 PS<b><br \/>\nBesatzung: <\/b>1\/8<b><br \/>\nBaujahr: <\/b>2010<b><br \/>\nFahrgestell: <\/b>Mercedes-Benz<br \/>\n<strong>L\u00f6schwassertank:<\/strong> 2000 Liter<\/p>\n<p><a href=\"http:\/\/feuerwehr-espenau.de\/wp-content\/uploads\/2018\/06\/IMG_2147.jpg\"><img loading=\"lazy\" decoding=\"async\" class=\"aligncenter wp-image-923 size-large\" src=\"http:\/\/feuerwehr-espenau.de\/wp-content\/uploads\/2018\/06\/IMG_2147-1024x683.jpg\" alt=\"\" width=\"750\" height=\"500\" srcset=\"https:\/\/feuerwehr-espenau.de\/wp-content\/uploads\/2018\/06\/IMG_2147-1024x683.jpg 1024w, https:\/\/feuerwehr-espenau.de\/wp-content\/uploads\/2018\/06\/IMG_2147-300x200.jpg 300w, https:\/\/feuerwehr-espenau.de\/wp-content\/uploads\/2018\/06\/IMG_2147-768x512.jpg 768w, https:\/\/feuerwehr-espenau.de\/wp-content\/uploads\/2018\/06\/IMG_2147.jpg 1920w\" sizes=\"auto, (max-width: 750px) 100vw, 750px\" \/><\/a><\/p>\n<\/div>\n<\/div>\n","protected":false},"excerpt":{"rendered":"Hilfeleistungsl\u00f6schgruppenfahrzeug (kurz: HLF) ist die Bezeichnung f\u00fcr einen Typ deutscher Feuerwehrfahrzeuge verschiedener Gr\u00f6\u00dfenordnung. Dieser Fahrzeugtyp ist eng mit dem L\u00f6schgruppenfahrzeug verwandt und wie dieses f\u00fcr eine Gruppe als Besatzung ausgelegt. Wesentlicher Unterschied zum L\u00f6schgruppenfahrzeug ist die umfangreiche Ausr\u00fcstung f\u00fcr die","protected":false},"author":2,"featured_media":0,"parent":88,"menu_order":2,"comment_status":"closed","ping_status":"closed","template":"","meta":{"footnotes":""},"class_list":["post-156","page","type-page","status-publish","hentry"],"_links":{"self":[{"href":"https:\/\/feuerwehr-espenau.de\/index.php\/wp-json\/wp\/v2\/pages\/156","targetHints":{"allow":["GET"]}}],"collection":[{"href":"https:\/\/feuerwehr-espenau.de\/index.php\/wp-json\/wp\/v2\/pages"}],"about":[{"href":"https:\/\/feuerwehr-espenau.de\/index.php\/wp-json\/wp\/v2\/types\/page"}],"author":[{"embeddable":true,"href":"https:\/\/feuerwehr-espenau.de\/index.php\/wp-json\/wp\/v2\/users\/2"}],"replies":[{"embeddable":true,"href":"https:\/\/feuerwehr-espenau.de\/index.php\/wp-json\/wp\/v2\/comments?post=156"}],"version-history":[{"count":9,"href":"https:\/\/feuerwehr-espenau.de\/index.php\/wp-json\/wp\/v2\/pages\/156\/revisions"}],"predecessor-version":[{"id":2913,"href":"https:\/\/feuerwehr-espenau.de\/index.php\/wp-json\/wp\/v2\/pages\/156\/revisions\/2913"}],"up":[{"embeddable":true,"href":"https:\/\/feuerwehr-espenau.de\/index.php\/wp-json\/wp\/v2\/pages\/88"}],"wp:attachment":[{"href":"https:\/\/feuerwehr-espenau.de\/index.php\/wp-json\/wp\/v2\/media?parent=156"}],"curies":[{"name":"wp","href":"https:\/\/api.w.org\/{rel}","templated":true}]}}