{"id":160,"date":"2017-09-03T09:51:06","date_gmt":"2017-09-03T09:51:06","guid":{"rendered":"https:\/\/sascha-sippel.de\/beispielseite\/?page_id=160"},"modified":"2022-08-14T20:51:50","modified_gmt":"2022-08-14T18:51:50","slug":"loeschgruppenfahrzeug-16","status":"publish","type":"page","link":"https:\/\/feuerwehr-espenau.de\/index.php\/ueber-uns\/fahrzeuge\/loeschgruppenfahrzeug-16\/","title":{"rendered":"L\u00f6schgruppenfahrzeug 16-TS (au\u00dfer Dienst)"},"content":{"rendered":"<p><b>L\u00f6schgruppenfahrzeug<\/b> (kurz: <i>LF<\/i>) ist die Bezeichnung f\u00fcr einen Typ von deutschen Feuerwehrfahrzeugen unterschiedlicher Gr\u00f6\u00dfenordnung. Namensgebendes Merkmal dieser Fahrzeuge ist eine Besatzung von neun Personen, womit diese Fahrzeuge auch zur St\u00fctze jeglicher Einsatzt\u00e4tigkeit der Feuerwehr werden. Die Beladung dieser L\u00f6schfahrzeuge ist schwerpunktm\u00e4\u00dfig auf Brandbek\u00e4mpfung und Technische Hilfeleistung einfachen Umfangs ausgelegt und umfasst eine im Fahrzeug fest eingebaute Feuerl\u00f6schkreiselpumpe, die vom Fahrzeugmotor angetrieben wird.<br \/>\n<em>Das L\u00f6schgruppenfahrzeug wurde vom Bund f\u00fcr den Katastrophenschutz beschafft.<\/em><\/p>\n<p><b>Motorleistung: <\/b>160 PS<b><br \/>\nBesatzung: <\/b>1\/8<b><br \/>\nBaujahr: <\/b>1988<b><br \/>\nFahrgestell: <\/b>Iveco<\/p>\n<p><a href=\"http:\/\/feuerwehr-espenau.de\/wp-content\/uploads\/2018\/06\/IMG_2154.jpg\"><img loading=\"lazy\" decoding=\"async\" class=\"aligncenter wp-image-930 size-large\" src=\"http:\/\/feuerwehr-espenau.de\/wp-content\/uploads\/2018\/06\/IMG_2154-1024x683.jpg\" alt=\"\" width=\"750\" height=\"500\" srcset=\"https:\/\/feuerwehr-espenau.de\/wp-content\/uploads\/2018\/06\/IMG_2154-1024x683.jpg 1024w, https:\/\/feuerwehr-espenau.de\/wp-content\/uploads\/2018\/06\/IMG_2154-300x200.jpg 300w, https:\/\/feuerwehr-espenau.de\/wp-content\/uploads\/2018\/06\/IMG_2154-768x512.jpg 768w, https:\/\/feuerwehr-espenau.de\/wp-content\/uploads\/2018\/06\/IMG_2154.jpg 1920w\" sizes=\"auto, (max-width: 750px) 100vw, 750px\" \/><\/a><\/p>\n","protected":false},"excerpt":{"rendered":"L\u00f6schgruppenfahrzeug (kurz: LF) ist die Bezeichnung f\u00fcr einen Typ von deutschen Feuerwehrfahrzeugen unterschiedlicher Gr\u00f6\u00dfenordnung. Namensgebendes Merkmal dieser Fahrzeuge ist eine Besatzung von neun Personen, womit diese Fahrzeuge auch zur St\u00fctze jeglicher Einsatzt\u00e4tigkeit der Feuerwehr werden. Die Beladung dieser L\u00f6schfahrzeuge ist","protected":false},"author":2,"featured_media":0,"parent":88,"menu_order":4,"comment_status":"closed","ping_status":"closed","template":"","meta":{"footnotes":""},"class_list":["post-160","page","type-page","status-publish","hentry"],"_links":{"self":[{"href":"https:\/\/feuerwehr-espenau.de\/index.php\/wp-json\/wp\/v2\/pages\/160","targetHints":{"allow":["GET"]}}],"collection":[{"href":"https:\/\/feuerwehr-espenau.de\/index.php\/wp-json\/wp\/v2\/pages"}],"about":[{"href":"https:\/\/feuerwehr-espenau.de\/index.php\/wp-json\/wp\/v2\/types\/page"}],"author":[{"embeddable":true,"href":"https:\/\/feuerwehr-espenau.de\/index.php\/wp-json\/wp\/v2\/users\/2"}],"replies":[{"embeddable":true,"href":"https:\/\/feuerwehr-espenau.de\/index.php\/wp-json\/wp\/v2\/comments?post=160"}],"version-history":[{"count":8,"href":"https:\/\/feuerwehr-espenau.de\/index.php\/wp-json\/wp\/v2\/pages\/160\/revisions"}],"predecessor-version":[{"id":2588,"href":"https:\/\/feuerwehr-espenau.de\/index.php\/wp-json\/wp\/v2\/pages\/160\/revisions\/2588"}],"up":[{"embeddable":true,"href":"https:\/\/feuerwehr-espenau.de\/index.php\/wp-json\/wp\/v2\/pages\/88"}],"wp:attachment":[{"href":"https:\/\/feuerwehr-espenau.de\/index.php\/wp-json\/wp\/v2\/media?parent=160"}],"curies":[{"name":"wp","href":"https:\/\/api.w.org\/{rel}","templated":true}]}}