{"id":162,"date":"2017-09-03T09:51:26","date_gmt":"2017-09-03T07:51:26","guid":{"rendered":"https:\/\/sascha-sippel.de\/beispielseite\/?page_id=162"},"modified":"2021-03-05T22:14:28","modified_gmt":"2021-03-05T21:14:28","slug":"geraetewagen-logistik-1","status":"publish","type":"page","link":"https:\/\/feuerwehr-espenau.de\/index.php\/ueber-uns\/fahrzeuge\/geraetewagen-logistik-1\/","title":{"rendered":"Ger\u00e4tewagen Logistik 1"},"content":{"rendered":"<p>Der <strong>Ger\u00e4tewagen Logistik<\/strong> ist ein Fahrzeug zum Transport von Material, das zum Bew\u00e4ltigen verschiedener Einsatzlagen ben\u00f6tigt wird. Aufgaben des GW-L sind die Einsatzstellenversorgung mit Ger\u00e4ten und Materialien, die Beseitigung von Gefahrgut mit dem Modul \u201eGefahrgut\u201c und die L\u00f6schwasserversorgung mit dem Modul \u201eWasserversorgung\u201c. Es gibt verschiedene Rollwagen bzw. Gitterboxen, zum Beispiel Rollwagen Tragkraftspritze, \u00d6lschaden, Lichtmast, Schlauch und diverse andere.<\/p>\n<p><b>Motorleistung: <\/b>156 PS<b><br \/>\nBesatzung: <\/b>1\/2<b><br \/>\nBaujahr: <\/b>2008<b><br \/>\nFahrgestell: <\/b>Mercedes-Benz<\/p>\n<p><a href=\"http:\/\/feuerwehr-espenau.de\/wp-content\/uploads\/2018\/06\/IMG_2165.jpg\"><img loading=\"lazy\" decoding=\"async\" class=\"aligncenter wp-image-934 size-large\" src=\"http:\/\/feuerwehr-espenau.de\/wp-content\/uploads\/2018\/06\/IMG_2165-1024x683.jpg\" alt=\"\" width=\"750\" height=\"500\" srcset=\"https:\/\/feuerwehr-espenau.de\/wp-content\/uploads\/2018\/06\/IMG_2165-1024x683.jpg 1024w, https:\/\/feuerwehr-espenau.de\/wp-content\/uploads\/2018\/06\/IMG_2165-300x200.jpg 300w, https:\/\/feuerwehr-espenau.de\/wp-content\/uploads\/2018\/06\/IMG_2165-768x512.jpg 768w, https:\/\/feuerwehr-espenau.de\/wp-content\/uploads\/2018\/06\/IMG_2165.jpg 1920w\" sizes=\"auto, (max-width: 750px) 100vw, 750px\" \/><\/a><\/p>\n","protected":false},"excerpt":{"rendered":"Der Ger\u00e4tewagen Logistik ist ein Fahrzeug zum Transport von Material, das zum Bew\u00e4ltigen verschiedener Einsatzlagen ben\u00f6tigt wird. Aufgaben des GW-L sind die Einsatzstellenversorgung mit Ger\u00e4ten und Materialien, die Beseitigung von Gefahrgut mit dem Modul \u201eGefahrgut\u201c und die L\u00f6schwasserversorgung mit dem","protected":false},"author":2,"featured_media":0,"parent":88,"menu_order":5,"comment_status":"closed","ping_status":"closed","template":"","meta":{"footnotes":""},"class_list":["post-162","page","type-page","status-publish","hentry"],"_links":{"self":[{"href":"https:\/\/feuerwehr-espenau.de\/index.php\/wp-json\/wp\/v2\/pages\/162","targetHints":{"allow":["GET"]}}],"collection":[{"href":"https:\/\/feuerwehr-espenau.de\/index.php\/wp-json\/wp\/v2\/pages"}],"about":[{"href":"https:\/\/feuerwehr-espenau.de\/index.php\/wp-json\/wp\/v2\/types\/page"}],"author":[{"embeddable":true,"href":"https:\/\/feuerwehr-espenau.de\/index.php\/wp-json\/wp\/v2\/users\/2"}],"replies":[{"embeddable":true,"href":"https:\/\/feuerwehr-espenau.de\/index.php\/wp-json\/wp\/v2\/comments?post=162"}],"version-history":[{"count":7,"href":"https:\/\/feuerwehr-espenau.de\/index.php\/wp-json\/wp\/v2\/pages\/162\/revisions"}],"predecessor-version":[{"id":2130,"href":"https:\/\/feuerwehr-espenau.de\/index.php\/wp-json\/wp\/v2\/pages\/162\/revisions\/2130"}],"up":[{"embeddable":true,"href":"https:\/\/feuerwehr-espenau.de\/index.php\/wp-json\/wp\/v2\/pages\/88"}],"wp:attachment":[{"href":"https:\/\/feuerwehr-espenau.de\/index.php\/wp-json\/wp\/v2\/media?parent=162"}],"curies":[{"name":"wp","href":"https:\/\/api.w.org\/{rel}","templated":true}]}}