{"id":166,"date":"2017-09-03T09:52:25","date_gmt":"2017-09-03T09:52:25","guid":{"rendered":"https:\/\/sascha-sippel.de\/beispielseite\/?page_id=166"},"modified":"2021-03-10T19:13:54","modified_gmt":"2021-03-10T18:13:54","slug":"geraetewagen-information-kommunikation","status":"publish","type":"page","link":"https:\/\/feuerwehr-espenau.de\/index.php\/ueber-uns\/fahrzeuge\/geraetewagen-information-kommunikation\/","title":{"rendered":"Ger\u00e4tewagen Information und Kommunikation"},"content":{"rendered":"<p>Das F\u00fchrungsmittel &#8222;<strong>Information- und Kommunikation<\/strong>&#8220; des Kreises ist daf\u00fcr gedacht, die aktuelle Lage, die eingesetzten Kr\u00e4fte und andere Informationen f\u00fcr die Einsatzleitung vom Ort des Geschehens zu erfassen und darzustellen. Der GW IuK enth\u00e4lt alle hierf\u00fcr notwendigen Unterlagen und Hilfsmittel.<\/p>\n<p>Bei Gro\u00dfschadenslagen ben\u00f6tigt die Einsatzleitung vor Ort verschiedene F\u00fchrungsmittel um die Einsatzlage \u00fcberblicken und bewerten zu k\u00f6nnen. Hier eignet sich der GW IuK perfekt zu. Er besitzt viele verschiedene Kommunikationsmittel wie z.B. Laptops, Telefone uvm.<\/p>\n<p>Der Ger\u00e4tewagen Information und Kommunikation dient u.a. der Koordination von Einsatzkr\u00e4ften bei Gro\u00dfschadenslagen, zusammen mit dem bei der Feuerwehr Vellmar stationiertem ELW 2.<\/p>\n<p><b>Motorleistung: <\/b>140 PS<b><br \/>\nBesatzung: <\/b>1\/5<b><br \/>\nBaujahr: <\/b>2011<b><br \/>\nFahrgestell: <\/b>Iveco<\/p>\n<p><a href=\"http:\/\/feuerwehr-espenau.de\/wp-content\/uploads\/2018\/06\/IMG_2160.jpg\"><img loading=\"lazy\" decoding=\"async\" class=\"aligncenter wp-image-932 size-large\" src=\"http:\/\/feuerwehr-espenau.de\/wp-content\/uploads\/2018\/06\/IMG_2160-1024x683.jpg\" alt=\"\" width=\"750\" height=\"500\" srcset=\"https:\/\/feuerwehr-espenau.de\/wp-content\/uploads\/2018\/06\/IMG_2160-1024x683.jpg 1024w, https:\/\/feuerwehr-espenau.de\/wp-content\/uploads\/2018\/06\/IMG_2160-300x200.jpg 300w, https:\/\/feuerwehr-espenau.de\/wp-content\/uploads\/2018\/06\/IMG_2160-768x512.jpg 768w, https:\/\/feuerwehr-espenau.de\/wp-content\/uploads\/2018\/06\/IMG_2160.jpg 1920w\" sizes=\"auto, (max-width: 750px) 100vw, 750px\" \/><\/a><\/p>\n<p>Seit Anfang M\u00e4rz 2021 ist ein zus\u00e4tzlicher <span class=\"d2edcug0 hpfvmrgz qv66sw1b c1et5uql oi732d6d ik7dh3pa fgxwclzu a8c37x1j keod5gw0 nxhoafnm aigsh9s9 d3f4x2em fe6kdd0r mau55g9w c8b282yb iv3no6db jq4qci2q a3bd9o3v knj5qynh oo9gr5id hzawbc8m\" dir=\"auto\">Sonderanh\u00e4nger<\/span> (<span class=\"d2edcug0 hpfvmrgz qv66sw1b c1et5uql oi732d6d ik7dh3pa fgxwclzu a8c37x1j keod5gw0 nxhoafnm aigsh9s9 d3f4x2em fe6kdd0r mau55g9w c8b282yb iv3no6db jq4qci2q a3bd9o3v knj5qynh oo9gr5id hzawbc8m\" dir=\"auto\">Strom-Erzeugungs-Aggregat) <\/span>bei uns stationiert, welcher<span class=\"d2edcug0 hpfvmrgz qv66sw1b c1et5uql oi732d6d ik7dh3pa fgxwclzu a8c37x1j keod5gw0 nxhoafnm aigsh9s9 d3f4x2em fe6kdd0r mau55g9w c8b282yb iv3no6db jq4qci2q a3bd9o3v knj5qynh oo9gr5id hzawbc8m\" dir=\"auto\"> im Notfall Funkbasisstationen mit Strom versorgt. Im Einsatzfall wird dieser von der IuK-Gruppe in Stellung gebracht.<\/span><\/p>\n<p><a href=\"http:\/\/feuerwehr-espenau.de\/wp-content\/uploads\/2021\/03\/IuK_Anhaenger.jpg\"><img loading=\"lazy\" decoding=\"async\" class=\"aligncenter wp-image-2138\" src=\"http:\/\/feuerwehr-espenau.de\/wp-content\/uploads\/2021\/03\/IuK_Anhaenger.jpg\" alt=\"\" width=\"650\" height=\"487\" srcset=\"https:\/\/feuerwehr-espenau.de\/wp-content\/uploads\/2021\/03\/IuK_Anhaenger.jpg 1024w, https:\/\/feuerwehr-espenau.de\/wp-content\/uploads\/2021\/03\/IuK_Anhaenger-300x225.jpg 300w, https:\/\/feuerwehr-espenau.de\/wp-content\/uploads\/2021\/03\/IuK_Anhaenger-768x576.jpg 768w\" sizes=\"auto, (max-width: 650px) 100vw, 650px\" \/><\/a><\/p>\n","protected":false},"excerpt":{"rendered":"Das F\u00fchrungsmittel &#8222;Information- und Kommunikation&#8220; des Kreises ist daf\u00fcr gedacht, die aktuelle Lage, die eingesetzten Kr\u00e4fte und andere Informationen f\u00fcr die Einsatzleitung vom Ort des Geschehens zu erfassen und darzustellen. Der GW IuK enth\u00e4lt alle hierf\u00fcr notwendigen Unterlagen und Hilfsmittel.","protected":false},"author":2,"featured_media":0,"parent":88,"menu_order":7,"comment_status":"closed","ping_status":"closed","template":"","meta":{"footnotes":""},"class_list":["post-166","page","type-page","status-publish","hentry"],"_links":{"self":[{"href":"https:\/\/feuerwehr-espenau.de\/index.php\/wp-json\/wp\/v2\/pages\/166","targetHints":{"allow":["GET"]}}],"collection":[{"href":"https:\/\/feuerwehr-espenau.de\/index.php\/wp-json\/wp\/v2\/pages"}],"about":[{"href":"https:\/\/feuerwehr-espenau.de\/index.php\/wp-json\/wp\/v2\/types\/page"}],"author":[{"embeddable":true,"href":"https:\/\/feuerwehr-espenau.de\/index.php\/wp-json\/wp\/v2\/users\/2"}],"replies":[{"embeddable":true,"href":"https:\/\/feuerwehr-espenau.de\/index.php\/wp-json\/wp\/v2\/comments?post=166"}],"version-history":[{"count":16,"href":"https:\/\/feuerwehr-espenau.de\/index.php\/wp-json\/wp\/v2\/pages\/166\/revisions"}],"predecessor-version":[{"id":2144,"href":"https:\/\/feuerwehr-espenau.de\/index.php\/wp-json\/wp\/v2\/pages\/166\/revisions\/2144"}],"up":[{"embeddable":true,"href":"https:\/\/feuerwehr-espenau.de\/index.php\/wp-json\/wp\/v2\/pages\/88"}],"wp:attachment":[{"href":"https:\/\/feuerwehr-espenau.de\/index.php\/wp-json\/wp\/v2\/media?parent=166"}],"curies":[{"name":"wp","href":"https:\/\/api.w.org\/{rel}","templated":true}]}}