{"id":19,"date":"2017-08-06T21:47:28","date_gmt":"2017-08-06T21:47:28","guid":{"rendered":"https:\/\/sascha-sippel.de\/beispielseite\/?page_id=19"},"modified":"2022-10-07T13:05:23","modified_gmt":"2022-10-07T11:05:23","slug":"einsatzgebiet","status":"publish","type":"page","link":"https:\/\/feuerwehr-espenau.de\/index.php\/ueber-uns\/einsatzgebiet\/","title":{"rendered":"Einsatzgebiet"},"content":{"rendered":"<p><img loading=\"lazy\" decoding=\"async\" class=\"aligncenter size-large wp-image-73\" src=\"https:\/\/sascha-sippel.de\/beispielseite\/wp-content\/uploads\/2017\/08\/Gemeinde_ESPENAU_2-1024x256.png\" alt=\"\" width=\"750\" height=\"188\" srcset=\"https:\/\/feuerwehr-espenau.de\/wp-content\/uploads\/2017\/08\/Gemeinde_ESPENAU_2-1024x256.png 1024w, https:\/\/feuerwehr-espenau.de\/wp-content\/uploads\/2017\/08\/Gemeinde_ESPENAU_2-300x75.png 300w, https:\/\/feuerwehr-espenau.de\/wp-content\/uploads\/2017\/08\/Gemeinde_ESPENAU_2-768x192.png 768w, https:\/\/feuerwehr-espenau.de\/wp-content\/uploads\/2017\/08\/Gemeinde_ESPENAU_2.png 1030w\" sizes=\"auto, (max-width: 750px) 100vw, 750px\" \/><\/p>\n<p>Espenau liegt wenige Kilometer n\u00f6rdlich von Kassel bw. direkt n\u00f6rdlich von Vellmar zwischen dem Habichtswald im S\u00fcdwesten und dem Reinhardswald im Nordosten. Es befinden sich auf einer maximal 280\u00a0m hoch gelegenen Hochfl\u00e4che die Ursprungsgebiete des westlichen Fulda-Zuflusses Espe (mittig zwischen Hohenkirchen und M\u00f6ncheberg verlaufend) und des s\u00fcdlichen Diemel-Zuflusses Esse.<\/p>\n<p>Die Ortsteile von Espenau liegen dicht beieinander, dennoch gibt es viel Freiraum im Gemeindegebiet. Am Nordrand von Hohenkirchen befindet sich eine Teichanlage mit dem Esse-Ursprung. Eine recht ausgedehnte Waldfl\u00e4che mit dem Staufenberg und dem Forstgebiet \u201eBrand\u201c und dem davor befindlichen Glockenteich schlie\u00dft sich westlich der Gemeinde an, n\u00f6rdlich liegen weitl\u00e4ufige Wiesen und Felder.<\/p>\n<p>Espenau grenzt im Norden an die Stadt Immenhausen, im Osten an die Gemeinde Fuldatal, im S\u00fcden an die Stadt Vellmar, im S\u00fcdwesten an die Gemeinde Ahnatal, im Westen an die Gemeinde Calden, sowie im Nordwesten an die Stadt Grebenstein.<\/p>\n<p>Quelle: Gemeinde Espenau<\/p>\n<p><center><iframe loading=\"lazy\" src=\"https:\/\/www.google.com\/maps\/d\/u\/1\/embed?mid=14lXYoZ8EAJtliZ-Cj5dXsDktxAI\" width=\"640\" height=\"480\"><\/iframe><\/center><\/p>\n","protected":false},"excerpt":{"rendered":"Espenau liegt wenige Kilometer n\u00f6rdlich von Kassel bw. direkt n\u00f6rdlich von Vellmar zwischen dem Habichtswald im S\u00fcdwesten und dem Reinhardswald im Nordosten. Es befinden sich auf einer maximal 280\u00a0m hoch gelegenen Hochfl\u00e4che die Ursprungsgebiete des westlichen Fulda-Zuflusses Espe (mittig zwischen","protected":false},"author":2,"featured_media":0,"parent":17,"menu_order":2,"comment_status":"closed","ping_status":"closed","template":"","meta":{"footnotes":""},"class_list":["post-19","page","type-page","status-publish","hentry"],"_links":{"self":[{"href":"https:\/\/feuerwehr-espenau.de\/index.php\/wp-json\/wp\/v2\/pages\/19","targetHints":{"allow":["GET"]}}],"collection":[{"href":"https:\/\/feuerwehr-espenau.de\/index.php\/wp-json\/wp\/v2\/pages"}],"about":[{"href":"https:\/\/feuerwehr-espenau.de\/index.php\/wp-json\/wp\/v2\/types\/page"}],"author":[{"embeddable":true,"href":"https:\/\/feuerwehr-espenau.de\/index.php\/wp-json\/wp\/v2\/users\/2"}],"replies":[{"embeddable":true,"href":"https:\/\/feuerwehr-espenau.de\/index.php\/wp-json\/wp\/v2\/comments?post=19"}],"version-history":[{"count":3,"href":"https:\/\/feuerwehr-espenau.de\/index.php\/wp-json\/wp\/v2\/pages\/19\/revisions"}],"predecessor-version":[{"id":2661,"href":"https:\/\/feuerwehr-espenau.de\/index.php\/wp-json\/wp\/v2\/pages\/19\/revisions\/2661"}],"up":[{"embeddable":true,"href":"https:\/\/feuerwehr-espenau.de\/index.php\/wp-json\/wp\/v2\/pages\/17"}],"wp:attachment":[{"href":"https:\/\/feuerwehr-espenau.de\/index.php\/wp-json\/wp\/v2\/media?parent=19"}],"curies":[{"name":"wp","href":"https:\/\/api.w.org\/{rel}","templated":true}]}}