{"id":22,"date":"2017-08-06T21:48:14","date_gmt":"2017-08-06T19:48:14","guid":{"rendered":"https:\/\/sascha-sippel.de\/beispielseite\/?page_id=22"},"modified":"2025-08-21T07:28:49","modified_gmt":"2025-08-21T05:28:49","slug":"buergerinfo","status":"publish","type":"page","link":"https:\/\/feuerwehr-espenau.de\/index.php\/buergerinfo\/","title":{"rendered":"B\u00fcrgerinfo"},"content":{"rendered":"<div class=\"mp-row-fluid motopress-row mpce-dsbl-margin-left mpce-dsbl-margin-right\">\n<div class=\"motopress-clmn mp-span8  mpce-dsbl-margin-left mpce-dsbl-margin-right\">\n<p style=\"text-align: left;\"><b>Wichtige Informationen f\u00fcr Sie als B\u00fcrger:<\/b><\/p>\n<p><b><i>&#8211; Rauchmelder:<\/i><\/b><\/p>\n<p>Als Rauchmelder oder Brandmelder bezeichnet man hierzulande alle Ger\u00e4te, die im Falle eines Brandes aufgrund von Rauchentwicklung in privaten Wohnungen ebenso wie in \u00f6ffentlichen Einrichtungen Alarm ausl\u00f6sen k\u00f6nnen. Auch wenn die Gefahr durch Wohnungsbr\u00e4nde heutzutage l\u00e4ngst nicht mehr so akut ist wie noch vor wenigen Jahrzehnten: Noch immer bergen kleine bis kleinste Z\u00fcndquellen das Potenzial, in Deiner Wohnung unbemerkt und schnell einen gro\u00dfen Brand auszul\u00f6sen.<\/p>\n<p>Feuer ist genau deswegen so gef\u00e4hrlich und unberechenbar, weil man die Geschwindigkeit und Fl\u00e4che seiner Ausbreitung nur allzu leicht untersch\u00e4tzt. Schnell kann deshalb ein Wohnungsbrand so \u00fcbergreifend werden, dass ein handels\u00fcblicher Feuerl\u00f6scher l\u00e4ngst nicht mehr ausreicht. Genau hier kommen Rauchmelder ins Spiel.<\/p>\n<p><em>In Deutschland gilt eine Rauchmelderpflicht in allen Bundesl\u00e4ndern f\u00fcr Wohnungen und Wohnh\u00e4user. Die genauen Regelungen zur Installation und Wartung sind jedoch in den Landesbauordnungen der jeweiligen Bundesl\u00e4nder festgelegt.<\/em><\/p>\n<p><b><i>&#8211; Richtiges Verhalten im Brandfall:<\/i><\/b><\/p>\n<p>Alarmieren Sie Ihre direkte Umgebung.<br \/>Alarmieren Sie die Menschen in den umgebenden Zimmern. Denken Sie an Kinder und Kranke, an seh-, h\u00f6r- oder gehbehinderte Menschen<br \/>(Nur) wenn dies ohne Zeitverz\u00f6gerung noch m\u00f6glich ist, rufen Sie noch von der Wohnung aus die Feuerwehr an.<br \/>Feuerwehrnotruf: <b>112<\/b><\/p>\n<p><b> Wer<\/b>: meldet: eigener Name<br \/><b> Was<\/b>: brennt: Zimmer, Wohnung, Haus<br \/><b> Wo<\/b>: brennt es: Ortsteil, Stra\u00dfe, Stockwerk<br \/><b> Wie viele<\/b>: Verletzte? Welche Art von Verletzung?<br \/><b> Warten<\/b>: Auf R\u00fcckfragen&#8230;<\/p>\n<p>Verlassen Sie das Geb\u00e4ude\u00a0schnell, aber nicht \u00fcberhastet, zusammen mit den in der Wohnung Anwesenden.\u00a0Die giftigen und hei\u00dfen Brandgase sammeln sich meist zuerst unter der Decke des Raumes und str\u00f6men von dort zum Boden.<\/p>\n<p>Alarmieren Sie Nachbarn.<br \/>Weisen sie die eintreffenden Rettungskr\u00e4fte ein.<\/p>\n<p><b><i>&#8211; Richtiges Verhalten im Stromausfall:<\/i><\/b><\/p>\n<p>Alle Informationen zu diesem Thema finden Sie auf der Seite vom <a href=\"https:\/\/www.bbk.bund.de\/DE\/Warnung-Vorsorge\/Vorsorge\/Stromausfall\/stromausfall_node.html\" target=\"_blank\" rel=\"noopener\">Bundesamt f\u00fcr Bev\u00f6lkerungsschutz<\/a>.<\/p>\n<p><b><i>&#8211; Welcher Feuerl\u00f6scher ist f\u00fcr was geeignet?:<\/i><\/b><\/p>\n<p><iframe loading=\"lazy\" title=\"Feuerl\u00f6scher f\u00fcr zuhause: Welcher L\u00f6scher ist f\u00fcr was geeignet?\" width=\"750\" height=\"422\" src=\"https:\/\/www.youtube.com\/embed\/jOVTahiVJSg?feature=oembed\" frameborder=\"0\" allow=\"accelerometer; autoplay; clipboard-write; encrypted-media; gyroscope; picture-in-picture; web-share\" referrerpolicy=\"strict-origin-when-cross-origin\" allowfullscreen><\/iframe><\/p>\n<\/div>\n<div class=\"motopress-clmn mp-span4  mpce-dsbl-margin-left mpce-dsbl-margin-right\">\n<div class=\"mp-row-fluid motopress-row mpce-dsbl-margin-left mpce-dsbl-margin-right\">\n<div class=\"motopress-clmn mp-span12 mpce-dsbl-margin-left mpce-dsbl-margin-right\">\n<div class=\"motopress-code-obj motopress-margin-top-0 motopress-margin-left-20\">\n<p><strong>Aktuelle Bev\u00f6lkerungswarnungen:<\/strong><\/p>\n<p><a href=\"https:\/\/warnungen.katwarn.de\/\" target=\"_blank\" rel=\"noopener noreferrer\"><img decoding=\"async\" src=\"https:\/\/warnungen.katwarn.de\/widget\/ks_box.png\" alt=\"Katwarn Warnungen\" \/><\/a><\/p>\n<\/div>\n<\/div>\n<\/div>\n<div class=\"mp-row-fluid motopress-row mpce-dsbl-margin-left mpce-dsbl-margin-right\">\n<div class=\"motopress-clmn mp-span12 mpce-dsbl-margin-left mpce-dsbl-margin-right\">\n<div class=\"motopress-code-obj\">\n<p><strong>Aktuelles Wetter:<\/strong><\/p>\n<p><center><iframe loading=\"lazy\" style=\"border: 1px solid; border-color: #e5e8e8;\" src=\"https:\/\/api.wetteronline.de\/wetterwidget?gid=10436&#038;modeid=FC1&#038;seourl=espenau&#038;locationname=Espenau&#038;lang=de\" name=\"FC1\" width=\"300\" height=\"255\" marginwidth=\"0\" marginheight=\"0\" scrolling=\"no\"><\/iframe><\/center><\/p>\n<\/div>\n<\/div>\n<\/div>\n<\/div>\n<\/div>\n","protected":false},"excerpt":{"rendered":"Wichtige Informationen f\u00fcr Sie als B\u00fcrger: &#8211; Rauchmelder: Als Rauchmelder oder Brandmelder bezeichnet man hierzulande alle Ger\u00e4te, die im Falle eines Brandes aufgrund von Rauchentwicklung in privaten Wohnungen ebenso wie in \u00f6ffentlichen Einrichtungen Alarm ausl\u00f6sen k\u00f6nnen. Auch wenn die Gefahr","protected":false},"author":2,"featured_media":0,"parent":0,"menu_order":2,"comment_status":"closed","ping_status":"closed","template":"","meta":{"footnotes":""},"class_list":["post-22","page","type-page","status-publish","hentry"],"_links":{"self":[{"href":"https:\/\/feuerwehr-espenau.de\/index.php\/wp-json\/wp\/v2\/pages\/22","targetHints":{"allow":["GET"]}}],"collection":[{"href":"https:\/\/feuerwehr-espenau.de\/index.php\/wp-json\/wp\/v2\/pages"}],"about":[{"href":"https:\/\/feuerwehr-espenau.de\/index.php\/wp-json\/wp\/v2\/types\/page"}],"author":[{"embeddable":true,"href":"https:\/\/feuerwehr-espenau.de\/index.php\/wp-json\/wp\/v2\/users\/2"}],"replies":[{"embeddable":true,"href":"https:\/\/feuerwehr-espenau.de\/index.php\/wp-json\/wp\/v2\/comments?post=22"}],"version-history":[{"count":22,"href":"https:\/\/feuerwehr-espenau.de\/index.php\/wp-json\/wp\/v2\/pages\/22\/revisions"}],"predecessor-version":[{"id":3388,"href":"https:\/\/feuerwehr-espenau.de\/index.php\/wp-json\/wp\/v2\/pages\/22\/revisions\/3388"}],"wp:attachment":[{"href":"https:\/\/feuerwehr-espenau.de\/index.php\/wp-json\/wp\/v2\/media?parent=22"}],"curies":[{"name":"wp","href":"https:\/\/api.w.org\/{rel}","templated":true}]}}