{"id":2590,"date":"2022-08-16T07:45:55","date_gmt":"2022-08-16T05:45:55","guid":{"rendered":"https:\/\/feuerwehr-espenau.de\/?page_id=2590"},"modified":"2022-08-31T08:01:01","modified_gmt":"2022-08-31T06:01:01","slug":"loeschgruppenfahrzeug-10","status":"publish","type":"page","link":"https:\/\/feuerwehr-espenau.de\/index.php\/ueber-uns\/fahrzeuge\/loeschgruppenfahrzeug-10\/","title":{"rendered":"L\u00f6schgruppenfahrzeug 10"},"content":{"rendered":"<p>Das<b> L\u00f6schgruppenfahrzeug<\/b> (kurz: <i>LF 10<\/i>) ist das kleinste zurzeit genormte L\u00f6schgruppenfahrzeug im deutschen Feuerwehrwesen. Namensgebendes Merkmal dieser Fahrzeuge ist eine Besatzung von neun Personen (ein Gruppenf\u00fchrer, acht Mannschaftsmitglieder = Gruppe), womit diese Fahrzeuge auch zur St\u00fctze jeglicher Einsatzt\u00e4tigkeit der Feuerwehr werden. Das Fahrzeug ist gem\u00e4\u00df aktueller Norm mit der \u00fcblichen Beladung zur Brandbek\u00e4mpfung und Menschenrettung einschlie\u00dflich einer vierteiligen Steckleiter ausgestattet. Dar\u00fcber hinaus geh\u00f6rt auch eine Beladung zur Stromversorgung und zum Ausleuchtung der Einsatzstelle, ein Verkehrsunfallkasten, Schornstein-Werkzeugkasten, Druckbel\u00fcfter, Grobreinigungsmodul, eine Tauchpumpe, S\u00e4bels\u00e4ge sowie eine Motors\u00e4ge zur Pflichtausr\u00fcstung. Au\u00dferdem besitzt das Fahrzeug eine mobile Tragkraftspritze (Ziegler &#8211; Ultra Power 4). Die feuerwehrtechnische Beladung ist f\u00fcr die taktische Feuerwehrgrundeinheit einer Gruppe ausgelegt.<\/p>\n<p><b>Motorleistung: <\/b>272 PS<b><br \/>\nBesatzung: <\/b>1\/8<b><br \/>\nBaujahr: <\/b>2022<b><br \/>\nFahrgestell: <\/b>Mercedes-Benz<br \/>\n<strong>L\u00f6schwassertank:<\/strong> 1200 Liter<\/p>\n<p><a href=\"http:\/\/feuerwehr-espenau.de\/wp-content\/uploads\/2022\/08\/3-scaled.jpg\"><img loading=\"lazy\" decoding=\"async\" class=\"aligncenter wp-image-2631\" src=\"http:\/\/feuerwehr-espenau.de\/wp-content\/uploads\/2022\/08\/3-scaled.jpg\" alt=\"\" width=\"951\" height=\"535\" srcset=\"https:\/\/feuerwehr-espenau.de\/wp-content\/uploads\/2022\/08\/3-scaled.jpg 2560w, https:\/\/feuerwehr-espenau.de\/wp-content\/uploads\/2022\/08\/3-300x169.jpg 300w, https:\/\/feuerwehr-espenau.de\/wp-content\/uploads\/2022\/08\/3-1024x576.jpg 1024w, https:\/\/feuerwehr-espenau.de\/wp-content\/uploads\/2022\/08\/3-768x432.jpg 768w, https:\/\/feuerwehr-espenau.de\/wp-content\/uploads\/2022\/08\/3-1536x864.jpg 1536w, https:\/\/feuerwehr-espenau.de\/wp-content\/uploads\/2022\/08\/3-2048x1152.jpg 2048w\" sizes=\"auto, (max-width: 951px) 100vw, 951px\" \/><\/a><\/p>\n","protected":false},"excerpt":{"rendered":"Das L\u00f6schgruppenfahrzeug (kurz: LF 10) ist das kleinste zurzeit genormte L\u00f6schgruppenfahrzeug im deutschen Feuerwehrwesen. Namensgebendes Merkmal dieser Fahrzeuge ist eine Besatzung von neun Personen (ein Gruppenf\u00fchrer, acht Mannschaftsmitglieder = Gruppe), womit diese Fahrzeuge auch zur St\u00fctze jeglicher Einsatzt\u00e4tigkeit der Feuerwehr","protected":false},"author":2,"featured_media":0,"parent":88,"menu_order":4,"comment_status":"closed","ping_status":"closed","template":"","meta":{"footnotes":""},"class_list":["post-2590","page","type-page","status-publish","hentry"],"_links":{"self":[{"href":"https:\/\/feuerwehr-espenau.de\/index.php\/wp-json\/wp\/v2\/pages\/2590","targetHints":{"allow":["GET"]}}],"collection":[{"href":"https:\/\/feuerwehr-espenau.de\/index.php\/wp-json\/wp\/v2\/pages"}],"about":[{"href":"https:\/\/feuerwehr-espenau.de\/index.php\/wp-json\/wp\/v2\/types\/page"}],"author":[{"embeddable":true,"href":"https:\/\/feuerwehr-espenau.de\/index.php\/wp-json\/wp\/v2\/users\/2"}],"replies":[{"embeddable":true,"href":"https:\/\/feuerwehr-espenau.de\/index.php\/wp-json\/wp\/v2\/comments?post=2590"}],"version-history":[{"count":16,"href":"https:\/\/feuerwehr-espenau.de\/index.php\/wp-json\/wp\/v2\/pages\/2590\/revisions"}],"predecessor-version":[{"id":2632,"href":"https:\/\/feuerwehr-espenau.de\/index.php\/wp-json\/wp\/v2\/pages\/2590\/revisions\/2632"}],"up":[{"embeddable":true,"href":"https:\/\/feuerwehr-espenau.de\/index.php\/wp-json\/wp\/v2\/pages\/88"}],"wp:attachment":[{"href":"https:\/\/feuerwehr-espenau.de\/index.php\/wp-json\/wp\/v2\/media?parent=2590"}],"curies":[{"name":"wp","href":"https:\/\/api.w.org\/{rel}","templated":true}]}}