{"id":2745,"date":"2023-02-23T08:04:39","date_gmt":"2023-02-23T07:04:39","guid":{"rendered":"https:\/\/feuerwehr-espenau.de\/?page_id=2745"},"modified":"2024-04-18T15:19:21","modified_gmt":"2024-04-18T13:19:21","slug":"mannschaftstransportfahrzeug","status":"publish","type":"page","link":"https:\/\/feuerwehr-espenau.de\/index.php\/ueber-uns\/fahrzeuge\/mannschaftstransportfahrzeug\/","title":{"rendered":"Mannschaftstransportfahrzeug"},"content":{"rendered":"<p>Ein Mannschaftstransportfahrzeug (<em>kurz: MTF<\/em>), ist ein Einsatzfahrzeug, das bei der Feuerwehr, eingesetzt wird und namensgebend vorrangig zum Transport von Personengruppen (Mannschaften) dient. Einen hohen Nutzwert hat das MTF auch f\u00fcr die Jugend- sowie Kinderfeuerwehr \u2013 f\u00fcr die Mobilit\u00e4t im Ort, ohne ein L\u00f6schfahrzeug in Beschlag zu nehmen, sowie f\u00fcr Fahrten zu Ausfl\u00fcgen und Zeltlagern.<\/p>\n<p><b>Motorleistung: <\/b>140 PS<b><br \/>\nBesatzung: <\/b>1\/8<b><br \/>\nBaujahr: <\/b>2011<b><br \/>\nFahrgestell: <\/b>Volkswagen<\/p>\n<p>&nbsp;<\/p>\n<p style=\"text-align: center;\"><em><a href=\"http:\/\/feuerwehr-espenau.de\/wp-content\/uploads\/2024\/04\/IMG_3618-scaled.jpeg\"><img loading=\"lazy\" decoding=\"async\" class=\"aligncenter wp-image-3050 size-large\" src=\"http:\/\/feuerwehr-espenau.de\/wp-content\/uploads\/2024\/04\/IMG_3618-1024x768.jpeg\" alt=\"\" width=\"750\" height=\"563\" srcset=\"https:\/\/feuerwehr-espenau.de\/wp-content\/uploads\/2024\/04\/IMG_3618-1024x768.jpeg 1024w, https:\/\/feuerwehr-espenau.de\/wp-content\/uploads\/2024\/04\/IMG_3618-300x225.jpeg 300w, https:\/\/feuerwehr-espenau.de\/wp-content\/uploads\/2024\/04\/IMG_3618-768x576.jpeg 768w, https:\/\/feuerwehr-espenau.de\/wp-content\/uploads\/2024\/04\/IMG_3618-1536x1152.jpeg 1536w, https:\/\/feuerwehr-espenau.de\/wp-content\/uploads\/2024\/04\/IMG_3618-2048x1536.jpeg 2048w\" sizes=\"auto, (max-width: 750px) 100vw, 750px\" \/><\/a><\/em><\/p>\n","protected":false},"excerpt":{"rendered":"Ein Mannschaftstransportfahrzeug (kurz: MTF), ist ein Einsatzfahrzeug, das bei der Feuerwehr, eingesetzt wird und namensgebend vorrangig zum Transport von Personengruppen (Mannschaften) dient. Einen hohen Nutzwert hat das MTF auch f\u00fcr die Jugend- sowie Kinderfeuerwehr \u2013 f\u00fcr die Mobilit\u00e4t im Ort,","protected":false},"author":2,"featured_media":0,"parent":88,"menu_order":6,"comment_status":"closed","ping_status":"closed","template":"","meta":{"footnotes":""},"class_list":["post-2745","page","type-page","status-publish","hentry"],"_links":{"self":[{"href":"https:\/\/feuerwehr-espenau.de\/index.php\/wp-json\/wp\/v2\/pages\/2745","targetHints":{"allow":["GET"]}}],"collection":[{"href":"https:\/\/feuerwehr-espenau.de\/index.php\/wp-json\/wp\/v2\/pages"}],"about":[{"href":"https:\/\/feuerwehr-espenau.de\/index.php\/wp-json\/wp\/v2\/types\/page"}],"author":[{"embeddable":true,"href":"https:\/\/feuerwehr-espenau.de\/index.php\/wp-json\/wp\/v2\/users\/2"}],"replies":[{"embeddable":true,"href":"https:\/\/feuerwehr-espenau.de\/index.php\/wp-json\/wp\/v2\/comments?post=2745"}],"version-history":[{"count":18,"href":"https:\/\/feuerwehr-espenau.de\/index.php\/wp-json\/wp\/v2\/pages\/2745\/revisions"}],"predecessor-version":[{"id":3061,"href":"https:\/\/feuerwehr-espenau.de\/index.php\/wp-json\/wp\/v2\/pages\/2745\/revisions\/3061"}],"up":[{"embeddable":true,"href":"https:\/\/feuerwehr-espenau.de\/index.php\/wp-json\/wp\/v2\/pages\/88"}],"wp:attachment":[{"href":"https:\/\/feuerwehr-espenau.de\/index.php\/wp-json\/wp\/v2\/media?parent=2745"}],"curies":[{"name":"wp","href":"https:\/\/api.w.org\/{rel}","templated":true}]}}