{"id":29,"date":"2017-08-06T22:06:25","date_gmt":"2017-08-06T22:06:25","guid":{"rendered":"https:\/\/sascha-sippel.de\/beispielseite\/?page_id=29"},"modified":"2025-09-23T07:58:54","modified_gmt":"2025-09-23T05:58:54","slug":"wir-suchen-dich","status":"publish","type":"page","link":"https:\/\/feuerwehr-espenau.de\/index.php\/wir-suchen-dich\/","title":{"rendered":"Wir suchen dich!"},"content":{"rendered":"<div class=\"mp-row-fluid motopress-row mpce-dsbl-margin-left mpce-dsbl-margin-right\">\n<div class=\"motopress-clmn mp-span12  mpce-dsbl-margin-left mpce-dsbl-margin-right\">\n<div class=\"mp-row-fluid motopress-row mpce-dsbl-margin-left mpce-dsbl-margin-right\">\n<div class=\"motopress-clmn mp-span7 mpce-dsbl-margin-left mpce-dsbl-margin-right\">\n<div class=\"motopress-code-obj\">\n<p>Die Feuerwehr Espenau sucht engagierte Mitglieder \u2013 denn f\u00fcr jeden gibt es die passende Abteilung! Egal ob in der Kinderfeuerwehr, Jugendfeuerwehr oder in der Einsatzabteilung: Bei uns bist du Herzlich Willkommen.<\/p>\n<p>Besonders wichtig ist uns die Kameradschaft: Nach den \u00dcbungsdiensten bleibt oft noch Zeit f\u00fcr Gespr\u00e4che und Austausch.<br data-start=\"587\" data-end=\"590\" \/>Erg\u00e4nzend zum regul\u00e4ren Dienst erwarten dich vielf\u00e4ltige Lehrg\u00e4nge auf Landes- und Landkreisebene sowie spannende Fort- und Weiterbildungen \u2013 so hat jeder die M\u00f6glichkeit, sich individuell weiterzuentwickeln.<\/p>\n<p><strong>Unsere \u00dcbungsdienste:<\/strong><\/p>\n<p><strong>Einsatzabteilung (ab 17 Jahre): Dienstags ab 19:00 Uhr<\/strong><\/p>\n<p><strong>Jugendfeuerwehr (10 bis 17 Jahre): Freitags ab 18:00 Uhr<\/strong><\/p>\n<p><strong>Kinderfeuerwehr (6 bis 10 Jahre): Freitags, alle zwei Wochen ab 16:30 Uhr<\/strong><\/p>\n<p>Gemeinschaft, Teamgeist und spannende Aufgaben erwarten dich \u2013 Komm vorbei und schau rein \u2013 wir freuen uns auf dich!<\/p>\n<p><em>Weitere Termine gibt es unter News oder auf unseren Social Media Kan\u00e4len.<\/em><\/p>\n<\/div>\n<\/div>\n<div class=\"motopress-clmn mp-span5 mpce-dsbl-margin-left mpce-dsbl-margin-right\">\n<div class=\"motopress-image-obj motopress-text-align-left\"><img decoding=\"async\" src=\"https:\/\/feuerwehr-espenau.de\/wp-content\/uploads\/2025\/09\/Verstaerkung-Feuerwehr.png\" title=\"Verst\u00e4rkung Feuerwehr\" alt=\"Verst\u00e4rkung Feuerwehr\" class=\"motopress-image-obj-basic mpce-dsbl-margin-left mpce-dsbl-margin-right mpce-dsbl-margin-top mpce-dsbl-margin-bottom\" \/><\/div>\n<\/div>\n<\/div>\n<\/div>\n<\/div>\n","protected":false},"excerpt":{"rendered":"Die Feuerwehr Espenau sucht engagierte Mitglieder \u2013 denn f\u00fcr jeden gibt es die passende Abteilung! Egal ob in der Kinderfeuerwehr, Jugendfeuerwehr oder in der Einsatzabteilung: Bei uns bist du Herzlich Willkommen. Besonders wichtig ist uns die Kameradschaft: Nach den \u00dcbungsdiensten","protected":false},"author":2,"featured_media":0,"parent":0,"menu_order":4,"comment_status":"closed","ping_status":"closed","template":"","meta":{"footnotes":""},"class_list":["post-29","page","type-page","status-publish","hentry"],"_links":{"self":[{"href":"https:\/\/feuerwehr-espenau.de\/index.php\/wp-json\/wp\/v2\/pages\/29","targetHints":{"allow":["GET"]}}],"collection":[{"href":"https:\/\/feuerwehr-espenau.de\/index.php\/wp-json\/wp\/v2\/pages"}],"about":[{"href":"https:\/\/feuerwehr-espenau.de\/index.php\/wp-json\/wp\/v2\/types\/page"}],"author":[{"embeddable":true,"href":"https:\/\/feuerwehr-espenau.de\/index.php\/wp-json\/wp\/v2\/users\/2"}],"replies":[{"embeddable":true,"href":"https:\/\/feuerwehr-espenau.de\/index.php\/wp-json\/wp\/v2\/comments?post=29"}],"version-history":[{"count":61,"href":"https:\/\/feuerwehr-espenau.de\/index.php\/wp-json\/wp\/v2\/pages\/29\/revisions"}],"predecessor-version":[{"id":3425,"href":"https:\/\/feuerwehr-espenau.de\/index.php\/wp-json\/wp\/v2\/pages\/29\/revisions\/3425"}],"wp:attachment":[{"href":"https:\/\/feuerwehr-espenau.de\/index.php\/wp-json\/wp\/v2\/media?parent=29"}],"curies":[{"name":"wp","href":"https:\/\/api.w.org\/{rel}","templated":true}]}}