{"id":3329,"date":"2025-06-24T07:41:21","date_gmt":"2025-06-24T05:41:21","guid":{"rendered":"https:\/\/feuerwehr-espenau.de\/?page_id=3329"},"modified":"2025-12-09T07:39:40","modified_gmt":"2025-12-09T06:39:40","slug":"kinderfeuerwehr","status":"publish","type":"page","link":"https:\/\/feuerwehr-espenau.de\/index.php\/ueber-uns\/kinderfeuerwehr\/","title":{"rendered":"Kinderfeuerwehr"},"content":{"rendered":"<div class=\"mp-row-fluid motopress-row mpce-dsbl-margin-left mpce-dsbl-margin-right\">\n<div class=\"motopress-clmn mp-span12  mpce-dsbl-margin-left mpce-dsbl-margin-right\">\n<div class=\"mp-row-fluid motopress-row mpce-dsbl-margin-left mpce-dsbl-margin-right\">\n<div class=\"motopress-clmn mp-span12 mpce-dsbl-margin-left mpce-dsbl-margin-right\">\n<p>Seit dem 16.08.2019 ist die Kinderfeuerwehr Espenau mit Spiel und Spa\u00df gestartet. Seitdem ist das Interesse sehr gro\u00df. Wir haben zurzeit eine Gruppenst\u00e4rke von 16 Kindern, denen jeden zweiten Freitag von 16:30 Uhr bis 17:30 Uhr spielerisch gezeigt wird und erkl\u00e4rt wird, was die Feuerwehr und die Fahrzeuge im Einzelnen f\u00fcr Funktionen haben. Aber nicht nur die Brandschutzerziehung und die Fahrzeugkunde sind Themen, sondern viele Unternehmungen stehen auch auf dem Programm. Mitmachen k\u00f6nnen Kinder im Alter von 6 bis 10 Jahren.<\/p>\n<p>Das Team der Kinderfeuerwehr Espenau:<\/p>\n<p><strong>Kinderfeuerwehr-Leitung<\/strong><\/p>\n<p>Leiter der Kinderfeuerwehr: Marcel Geweniger, Tel.\u00a0\u00a00173\/9276167<br \/>stellv. Leiterin der Kinderfeuerwehr: Kirsten Wichert, Tel. 0151\/67324187<\/p>\n<p>E-Mail:\u00a0<a href=\"mailto:kinderfeuerwehr@feuerwehr-espenau.de\">kinderfeuerwehr@feuerwehr-espenau.de<\/a><\/p>\n<p><strong>Betreuerin<\/strong><\/p>\n<p>Tamara Wagner<\/p>\n<p>Raphael Palme<\/p>\n<\/div>\n<\/div>\n<div class=\"mp-row-fluid motopress-row mpce-dsbl-margin-left mpce-dsbl-margin-right\">\n<div class=\"motopress-clmn mp-span12 mpce-dsbl-margin-left mpce-dsbl-margin-right\">\n<div class=\"motopress-button-obj motopress-text-align-center\"><a href=\"https:\/\/feuerwehr-espenau.de\/index.php\/ueber-uns\/kinderfeuerwehr\/aufnahmeantrag-kinderfeuerwehr\/\" target=\"_self\" class=\"motopress-btn motopress-btn-color-silver motopress-btn-size-middle motopress-btn-rounded motopress-btn-icon-indent-small\">Aufnahmeantrag der Kinderfeuerwehr<\/a><\/div>\n<\/div>\n<\/div>\n<div class=\"mp-row-fluid motopress-row mpce-dsbl-margin-left mpce-dsbl-margin-right\">\n<div class=\"motopress-clmn mp-span12 mpce-dsbl-margin-left mpce-dsbl-margin-right\">\n<div class=\"motopress-code-obj\">\n<hr \/>\n<\/div>\n<\/div>\n<\/div>\n<\/div>\n<\/div>\n<div class=\"mp-row-fluid motopress-row mpce-dsbl-margin-left mpce-dsbl-margin-right\">\n<div class=\"motopress-clmn mp-span12  mpce-dsbl-margin-left mpce-dsbl-margin-right\">\n<div class=\"motopress-image-obj motopress-text-align-center\"><img decoding=\"async\" src=\"https:\/\/feuerwehr-espenau.de\/wp-content\/uploads\/2025\/06\/IMG_KiFeu.jpg\" title=\"IMG_KiFeu\" alt=\"IMG_KiFeu\" class=\"motopress-image-obj-basic mpce-dsbl-margin-left mpce-dsbl-margin-right mpce-dsbl-margin-top mpce-dsbl-margin-bottom\" \/><\/div>\n<\/div>\n<\/div>\n","protected":false},"excerpt":{"rendered":"Seit dem 16.08.2019 ist die Kinderfeuerwehr Espenau mit Spiel und Spa\u00df gestartet. Seitdem ist das Interesse sehr gro\u00df. Wir haben zurzeit eine Gruppenst\u00e4rke von 16 Kindern, denen jeden zweiten Freitag von 16:30 Uhr bis 17:30 Uhr spielerisch gezeigt wird und","protected":false},"author":2,"featured_media":0,"parent":17,"menu_order":1,"comment_status":"closed","ping_status":"closed","template":"","meta":{"footnotes":""},"class_list":["post-3329","page","type-page","status-publish","hentry"],"_links":{"self":[{"href":"https:\/\/feuerwehr-espenau.de\/index.php\/wp-json\/wp\/v2\/pages\/3329","targetHints":{"allow":["GET"]}}],"collection":[{"href":"https:\/\/feuerwehr-espenau.de\/index.php\/wp-json\/wp\/v2\/pages"}],"about":[{"href":"https:\/\/feuerwehr-espenau.de\/index.php\/wp-json\/wp\/v2\/types\/page"}],"author":[{"embeddable":true,"href":"https:\/\/feuerwehr-espenau.de\/index.php\/wp-json\/wp\/v2\/users\/2"}],"replies":[{"embeddable":true,"href":"https:\/\/feuerwehr-espenau.de\/index.php\/wp-json\/wp\/v2\/comments?post=3329"}],"version-history":[{"count":17,"href":"https:\/\/feuerwehr-espenau.de\/index.php\/wp-json\/wp\/v2\/pages\/3329\/revisions"}],"predecessor-version":[{"id":3503,"href":"https:\/\/feuerwehr-espenau.de\/index.php\/wp-json\/wp\/v2\/pages\/3329\/revisions\/3503"}],"up":[{"embeddable":true,"href":"https:\/\/feuerwehr-espenau.de\/index.php\/wp-json\/wp\/v2\/pages\/17"}],"wp:attachment":[{"href":"https:\/\/feuerwehr-espenau.de\/index.php\/wp-json\/wp\/v2\/media?parent=3329"}],"curies":[{"name":"wp","href":"https:\/\/api.w.org\/{rel}","templated":true}]}}