{"id":3338,"date":"2025-06-24T07:48:41","date_gmt":"2025-06-24T05:48:41","guid":{"rendered":"https:\/\/feuerwehr-espenau.de\/?page_id=3338"},"modified":"2026-03-04T17:41:00","modified_gmt":"2026-03-04T16:41:00","slug":"jugendfeuerwehr","status":"publish","type":"page","link":"https:\/\/feuerwehr-espenau.de\/index.php\/ueber-uns\/jugendfeuerwehr\/","title":{"rendered":"Jugendfeuerwehr"},"content":{"rendered":"<p>Die Jugendfeuerwehr Espenau ist eine Abteilung der Freiwilligen Feuerwehr Espenau.<\/p>\n<p>Du bist im Alter von 10 bis 17 Jahren und willst deinen Kindheitstraum, Feuerwehrmann oder -frau zu werden, wahr machen? Dann hast du bei uns die M\u00f6glichkeit w\u00e4hrend unserer Dienste auf vielseitige Art auf dein zuk\u00fcnftiges Leben als Feuerwehrmann oder Feuerwehrfrau vorbereitet zu werden und mit deinem 18. Geburtstag in die Einsatzabteilung einzutreten.<\/p>\n<p>Wir treffen uns jeden Freitag von 18 bis 20 Uhr in der Feuerwehrwache. Dabei lernen wir die Ger\u00e4te und Fahrzeuge, sowie die wichtigen Grundlagen der Feuerwehr n\u00e4her kennen.<\/p>\n<header class=\"entry-header\"><\/header>\n<div class=\"entry-content\">\n<p><strong>Jugendfeuerwehr-Leitung<\/strong><\/p>\n<p>Gemeindejugendwart: Jonas Eisenhuth<br \/>\nStellv. Gemeindejugendwart: Johannes Menne \/ Dominik Schinzel<\/p>\n<p>E-Mail:\u00a0<a href=\"mailto:jugendwart@feuerwehr-espenau.de\">jugendwart@feuerwehr-espenau.de<\/a><\/p>\n<p><strong>Betreuer<\/strong><\/p>\n<p>Fabian G\u00f6ttlicher<\/p>\n<p>Marius Horn<\/p>\n<p>Evelyn Reichel<\/p>\n<hr \/>\n<p><img loading=\"lazy\" decoding=\"async\" class=\"aligncenter wp-image-3342\" src=\"http:\/\/feuerwehr-espenau.de\/wp-content\/uploads\/2025\/06\/IMG_JuFeEsp.jpg\" alt=\"\" width=\"799\" height=\"533\" srcset=\"https:\/\/feuerwehr-espenau.de\/wp-content\/uploads\/2025\/06\/IMG_JuFeEsp.jpg 1536w, https:\/\/feuerwehr-espenau.de\/wp-content\/uploads\/2025\/06\/IMG_JuFeEsp-300x200.jpg 300w, https:\/\/feuerwehr-espenau.de\/wp-content\/uploads\/2025\/06\/IMG_JuFeEsp-1024x683.jpg 1024w, https:\/\/feuerwehr-espenau.de\/wp-content\/uploads\/2025\/06\/IMG_JuFeEsp-768x512.jpg 768w\" sizes=\"auto, (max-width: 799px) 100vw, 799px\" \/><\/p>\n<\/div>\n","protected":false},"excerpt":{"rendered":"Die Jugendfeuerwehr Espenau ist eine Abteilung der Freiwilligen Feuerwehr Espenau. Du bist im Alter von 10 bis 17 Jahren und willst deinen Kindheitstraum, Feuerwehrmann oder -frau zu werden, wahr machen? Dann hast du bei uns die M\u00f6glichkeit w\u00e4hrend unserer Dienste","protected":false},"author":2,"featured_media":0,"parent":17,"menu_order":2,"comment_status":"closed","ping_status":"closed","template":"","meta":{"footnotes":""},"class_list":["post-3338","page","type-page","status-publish","hentry"],"_links":{"self":[{"href":"https:\/\/feuerwehr-espenau.de\/index.php\/wp-json\/wp\/v2\/pages\/3338","targetHints":{"allow":["GET"]}}],"collection":[{"href":"https:\/\/feuerwehr-espenau.de\/index.php\/wp-json\/wp\/v2\/pages"}],"about":[{"href":"https:\/\/feuerwehr-espenau.de\/index.php\/wp-json\/wp\/v2\/types\/page"}],"author":[{"embeddable":true,"href":"https:\/\/feuerwehr-espenau.de\/index.php\/wp-json\/wp\/v2\/users\/2"}],"replies":[{"embeddable":true,"href":"https:\/\/feuerwehr-espenau.de\/index.php\/wp-json\/wp\/v2\/comments?post=3338"}],"version-history":[{"count":6,"href":"https:\/\/feuerwehr-espenau.de\/index.php\/wp-json\/wp\/v2\/pages\/3338\/revisions"}],"predecessor-version":[{"id":3547,"href":"https:\/\/feuerwehr-espenau.de\/index.php\/wp-json\/wp\/v2\/pages\/3338\/revisions\/3547"}],"up":[{"embeddable":true,"href":"https:\/\/feuerwehr-espenau.de\/index.php\/wp-json\/wp\/v2\/pages\/17"}],"wp:attachment":[{"href":"https:\/\/feuerwehr-espenau.de\/index.php\/wp-json\/wp\/v2\/media?parent=3338"}],"curies":[{"name":"wp","href":"https:\/\/api.w.org\/{rel}","templated":true}]}}