{"id":85,"date":"2017-08-07T16:12:57","date_gmt":"2017-08-07T16:12:57","guid":{"rendered":"https:\/\/sascha-sippel.de\/beispielseite\/?page_id=85"},"modified":"2025-10-20T08:31:19","modified_gmt":"2025-10-20T06:31:19","slug":"einsaetze","status":"publish","type":"page","link":"https:\/\/feuerwehr-espenau.de\/index.php\/einsaetze\/","title":{"rendered":"Aktuelle Eins\u00e4tze"},"content":{"rendered":"<h2>Eins\u00e4tze 2026<\/h2><table class=\"einsatzverwaltung-reportlist\"><tbody><tr class=\"einsatz-title-month\"><td colspan=\"6\">April<\/td><\/tr><tr class=\"einsatz-header\"><th style=\"white-space: nowrap;\">Nummer<\/th><th style=\"white-space: nowrap;\">Datum<\/th><th style=\"white-space: nowrap;\">Uhrzeit<\/th><th style=\"\">Einsatzmeldung<\/th><th style=\"\">Einsatzort<\/th><th style=\"\">Alarmierungsart<\/th><\/tr><tr class=\"report\"><td class=\"smallscreen\" colspan=\"6\" data-permalink=\"https:\/\/feuerwehr-espenau.de\/index.php\/einsatzberichte\/f3y-brand-in-gebaeude-mit-menschenleben-in-gefahr-iuk-gruppe-3\/\"><span class=\"einsatz-number\"><strong>Nummer:<\/strong> 07-2026<\/span><br><span class=\"einsatz-date\"><strong>Datum:<\/strong> 14.04.2026<\/span><br><span class=\"einsatz-time\"><strong>Uhrzeit:<\/strong> 22:27<\/span><br><span class=\"einsatz-title\"><strong>Einsatzmeldung:<\/strong> <a href=\"https:\/\/feuerwehr-espenau.de\/index.php\/einsatzberichte\/f3y-brand-in-gebaeude-mit-menschenleben-in-gefahr-iuk-gruppe-3\/\" rel=\"bookmark\">F3Y \/ Brand in Geb\u00e4ude mit Menschenleben in Gefahr (IuK-Gruppe)<\/a><\/span><br><span class=\"einsatz-location\"><strong>Einsatzort:<\/strong> Wolfhagen<\/span><br><span class=\"einsatz-alarmType\"><strong>Alarmierungsart:<\/strong> Pager<\/span><br><\/td><td class=\"einsatz-column-number\">07-2026<\/td><td class=\"einsatz-column-date\">14.04.2026<\/td><td class=\"einsatz-column-time\">22:27<\/td><td class=\"einsatz-column-title\"><a href=\"https:\/\/feuerwehr-espenau.de\/index.php\/einsatzberichte\/f3y-brand-in-gebaeude-mit-menschenleben-in-gefahr-iuk-gruppe-3\/\" rel=\"bookmark\">F3Y \/ Brand in Geb\u00e4ude mit Menschenleben in Gefahr (IuK-Gruppe)<\/a><\/td><td class=\"einsatz-column-location\">Wolfhagen<\/td><td class=\"einsatz-column-alarmType\">Pager<\/td><\/tr><tr class=\"report\"><td class=\"smallscreen\" colspan=\"6\" data-permalink=\"https:\/\/feuerwehr-espenau.de\/index.php\/einsatzberichte\/f1-muelleimerbrand\/\"><span class=\"einsatz-number\"><strong>Nummer:<\/strong> 06-2026<\/span><br><span class=\"einsatz-date\"><strong>Datum:<\/strong> 09.04.2026<\/span><br><span class=\"einsatz-time\"><strong>Uhrzeit:<\/strong> 15:57<\/span><br><span class=\"einsatz-title\"><strong>Einsatzmeldung:<\/strong> <a href=\"https:\/\/feuerwehr-espenau.de\/index.php\/einsatzberichte\/f1-muelleimerbrand\/\" rel=\"bookmark\">F1 \/ M\u00fclleimerbrand<\/a><\/span><br><span class=\"einsatz-location\"><strong>Einsatzort:<\/strong> Espenau-Sch\u00e4ferberg<\/span><br><span class=\"einsatz-alarmType\"><strong>Alarmierungsart:<\/strong> Vollalarm<\/span><br><\/td><td class=\"einsatz-column-number\">06-2026<\/td><td class=\"einsatz-column-date\">09.04.2026<\/td><td class=\"einsatz-column-time\">15:57<\/td><td class=\"einsatz-column-title\"><a href=\"https:\/\/feuerwehr-espenau.de\/index.php\/einsatzberichte\/f1-muelleimerbrand\/\" rel=\"bookmark\">F1 \/ M\u00fclleimerbrand<\/a><\/td><td class=\"einsatz-column-location\">Espenau-Sch\u00e4ferberg<\/td><td class=\"einsatz-column-alarmType\">Vollalarm<\/td><\/tr><tr class=\"einsatz-title-month\"><td colspan=\"6\">M\u00e4rz<\/td><\/tr><tr class=\"einsatz-header\"><th style=\"white-space: nowrap;\">Nummer<\/th><th style=\"white-space: nowrap;\">Datum<\/th><th style=\"white-space: nowrap;\">Uhrzeit<\/th><th style=\"\">Einsatzmeldung<\/th><th style=\"\">Einsatzort<\/th><th style=\"\">Alarmierungsart<\/th><\/tr><tr class=\"report\"><td class=\"smallscreen\" colspan=\"6\" data-permalink=\"https:\/\/feuerwehr-espenau.de\/index.php\/einsatzberichte\/h1-oelspur-18\/\"><span class=\"einsatz-number\"><strong>Nummer:<\/strong> 05-2026<\/span><br><span class=\"einsatz-date\"><strong>Datum:<\/strong> 28.03.2026<\/span><br><span class=\"einsatz-time\"><strong>Uhrzeit:<\/strong> 08:57<\/span><br><span class=\"einsatz-title\"><strong>Einsatzmeldung:<\/strong> <a href=\"https:\/\/feuerwehr-espenau.de\/index.php\/einsatzberichte\/h1-oelspur-18\/\" rel=\"bookmark\">H1 \/ \u00d6lspur<\/a><\/span><br><span class=\"einsatz-location\"><strong>Einsatzort:<\/strong> Espenau-Hohenkirchen<\/span><br><span class=\"einsatz-alarmType\"><strong>Alarmierungsart:<\/strong> Alamos, Pager<\/span><br><\/td><td class=\"einsatz-column-number\">05-2026<\/td><td class=\"einsatz-column-date\">28.03.2026<\/td><td class=\"einsatz-column-time\">08:57<\/td><td class=\"einsatz-column-title\"><a href=\"https:\/\/feuerwehr-espenau.de\/index.php\/einsatzberichte\/h1-oelspur-18\/\" rel=\"bookmark\">H1 \/ \u00d6lspur<\/a><\/td><td class=\"einsatz-column-location\">Espenau-Hohenkirchen<\/td><td class=\"einsatz-column-alarmType\">Alamos, Pager<\/td><\/tr><tr class=\"report\"><td class=\"smallscreen\" colspan=\"6\" data-permalink=\"https:\/\/feuerwehr-espenau.de\/index.php\/einsatzberichte\/h1y-tueroeffnung-27\/\"><span class=\"einsatz-number\"><strong>Nummer:<\/strong> 04-2026<\/span><br><span class=\"einsatz-date\"><strong>Datum:<\/strong> 11.03.2026<\/span><br><span class=\"einsatz-time\"><strong>Uhrzeit:<\/strong> 04:47<\/span><br><span class=\"einsatz-title\"><strong>Einsatzmeldung:<\/strong> <a href=\"https:\/\/feuerwehr-espenau.de\/index.php\/einsatzberichte\/h1y-tueroeffnung-27\/\" rel=\"bookmark\">H1Y \/ T\u00fcr\u00f6ffnung<\/a><\/span><br><span class=\"einsatz-location\"><strong>Einsatzort:<\/strong> Espenau-Sch\u00e4ferberg<\/span><br><span class=\"einsatz-alarmType\"><strong>Alarmierungsart:<\/strong> Vollalarm<\/span><br><\/td><td class=\"einsatz-column-number\">04-2026<\/td><td class=\"einsatz-column-date\">11.03.2026<\/td><td class=\"einsatz-column-time\">04:47<\/td><td class=\"einsatz-column-title\"><a href=\"https:\/\/feuerwehr-espenau.de\/index.php\/einsatzberichte\/h1y-tueroeffnung-27\/\" rel=\"bookmark\">H1Y \/ T\u00fcr\u00f6ffnung<\/a><\/td><td class=\"einsatz-column-location\">Espenau-Sch\u00e4ferberg<\/td><td class=\"einsatz-column-alarmType\">Vollalarm<\/td><\/tr><tr class=\"einsatz-title-month\"><td colspan=\"6\">Februar<\/td><\/tr><tr class=\"einsatz-header\"><th style=\"white-space: nowrap;\">Nummer<\/th><th style=\"white-space: nowrap;\">Datum<\/th><th style=\"white-space: nowrap;\">Uhrzeit<\/th><th style=\"\">Einsatzmeldung<\/th><th style=\"\">Einsatzort<\/th><th style=\"\">Alarmierungsart<\/th><\/tr><tr class=\"report\"><td class=\"smallscreen\" colspan=\"6\" data-permalink=\"https:\/\/feuerwehr-espenau.de\/index.php\/einsatzberichte\/h1-amtshilfe-3\/\"><span class=\"einsatz-number\"><strong>Nummer:<\/strong> 03-2026<\/span><br><span class=\"einsatz-date\"><strong>Datum:<\/strong> 14.02.2026<\/span><br><span class=\"einsatz-time\"><strong>Uhrzeit:<\/strong> 20:41<\/span><br><span class=\"einsatz-title\"><strong>Einsatzmeldung:<\/strong> <a href=\"https:\/\/feuerwehr-espenau.de\/index.php\/einsatzberichte\/h1-amtshilfe-3\/\" rel=\"bookmark\">H1 \/ Amtshilfe<\/a><\/span><br><span class=\"einsatz-location\"><strong>Einsatzort:<\/strong> Espenau-Hohenkirchen<\/span><br><span class=\"einsatz-alarmType\"><strong>Alarmierungsart:<\/strong> Telefonisch\/Fax<\/span><br><\/td><td class=\"einsatz-column-number\">03-2026<\/td><td class=\"einsatz-column-date\">14.02.2026<\/td><td class=\"einsatz-column-time\">20:41<\/td><td class=\"einsatz-column-title\"><a href=\"https:\/\/feuerwehr-espenau.de\/index.php\/einsatzberichte\/h1-amtshilfe-3\/\" rel=\"bookmark\">H1 \/ Amtshilfe<\/a><\/td><td class=\"einsatz-column-location\">Espenau-Hohenkirchen<\/td><td class=\"einsatz-column-alarmType\">Telefonisch\/Fax<\/td><\/tr><tr class=\"report\"><td class=\"smallscreen\" colspan=\"6\" data-permalink=\"https:\/\/feuerwehr-espenau.de\/index.php\/einsatzberichte\/h1y-tueroeffnung-26\/\"><span class=\"einsatz-number\"><strong>Nummer:<\/strong> 02-2026<\/span><br><span class=\"einsatz-date\"><strong>Datum:<\/strong> 12.02.2026<\/span><br><span class=\"einsatz-time\"><strong>Uhrzeit:<\/strong> 09:08<\/span><br><span class=\"einsatz-title\"><strong>Einsatzmeldung:<\/strong> <a href=\"https:\/\/feuerwehr-espenau.de\/index.php\/einsatzberichte\/h1y-tueroeffnung-26\/\" rel=\"bookmark\">H1Y \/ T\u00fcr\u00f6ffnung<\/a><\/span><br><span class=\"einsatz-location\"><strong>Einsatzort:<\/strong> Espenau-M\u00f6nchehof<\/span><br><span class=\"einsatz-alarmType\"><strong>Alarmierungsart:<\/strong> Vollalarm<\/span><br><\/td><td class=\"einsatz-column-number\">02-2026<\/td><td class=\"einsatz-column-date\">12.02.2026<\/td><td class=\"einsatz-column-time\">09:08<\/td><td class=\"einsatz-column-title\"><a href=\"https:\/\/feuerwehr-espenau.de\/index.php\/einsatzberichte\/h1y-tueroeffnung-26\/\" rel=\"bookmark\">H1Y \/ T\u00fcr\u00f6ffnung<\/a><\/td><td class=\"einsatz-column-location\">Espenau-M\u00f6nchehof<\/td><td class=\"einsatz-column-alarmType\">Vollalarm<\/td><\/tr><tr class=\"einsatz-title-month\"><td colspan=\"6\">Januar<\/td><\/tr><tr class=\"einsatz-header\"><th style=\"white-space: nowrap;\">Nummer<\/th><th style=\"white-space: nowrap;\">Datum<\/th><th style=\"white-space: nowrap;\">Uhrzeit<\/th><th style=\"\">Einsatzmeldung<\/th><th style=\"\">Einsatzort<\/th><th style=\"\">Alarmierungsart<\/th><\/tr><tr class=\"report\"><td class=\"smallscreen\" colspan=\"6\" data-permalink=\"https:\/\/feuerwehr-espenau.de\/index.php\/einsatzberichte\/h1y-tragehilfe-9\/\"><span class=\"einsatz-number\"><strong>Nummer:<\/strong> 01-2026<\/span><br><span class=\"einsatz-date\"><strong>Datum:<\/strong> 08.01.2026<\/span><br><span class=\"einsatz-time\"><strong>Uhrzeit:<\/strong> 10:05<\/span><br><span class=\"einsatz-title\"><strong>Einsatzmeldung:<\/strong> <a href=\"https:\/\/feuerwehr-espenau.de\/index.php\/einsatzberichte\/h1y-tragehilfe-9\/\" rel=\"bookmark\">H1Y \/ Tragehilfe<\/a><\/span><br><span class=\"einsatz-location\"><strong>Einsatzort:<\/strong> Espenau-M\u00f6nchehof<\/span><br><span class=\"einsatz-alarmType\"><strong>Alarmierungsart:<\/strong> Vollalarm<\/span><br><\/td><td class=\"einsatz-column-number\">01-2026<\/td><td class=\"einsatz-column-date\">08.01.2026<\/td><td class=\"einsatz-column-time\">10:05<\/td><td class=\"einsatz-column-title\"><a href=\"https:\/\/feuerwehr-espenau.de\/index.php\/einsatzberichte\/h1y-tragehilfe-9\/\" rel=\"bookmark\">H1Y \/ Tragehilfe<\/a><\/td><td class=\"einsatz-column-location\">Espenau-M\u00f6nchehof<\/td><td class=\"einsatz-column-alarmType\">Vollalarm<\/td><\/tr><\/tbody><\/table>\n","protected":false},"excerpt":{"rendered":"Eins\u00e4tze 2026AprilNummerDatumUhrzeitEinsatzmeldungEinsatzortAlarmierungsartNummer: 07-2026Datum: 14.04.2026Uhrzeit: 22:27Einsatzmeldung: F3Y \/ Brand in Geb\u00e4ude mit Menschenleben in Gefahr (IuK-Gruppe)Einsatzort: WolfhagenAlarmierungsart: Pager07-202614.04.202622:27F3Y \/ Brand in Geb\u00e4ude mit Menschenleben in Gefahr (IuK-Gruppe)WolfhagenPagerNummer: 06-2026Datum: 09.04.2026Uhrzeit: 15:57Einsatzmeldung: F1 \/ M\u00fclleimerbrandEinsatzort: Espenau-Sch\u00e4ferbergAlarmierungsart: Vollalarm06-202609.04.202615:57F1 \/ M\u00fclleimerbrandEspenau-Sch\u00e4ferbergVollalarmM\u00e4rzNummerDatumUhrzeitEinsatzmeldungEinsatzortAlarmierungsartNummer: 05-2026Datum: 28.03.2026Uhrzeit: 08:57Einsatzmeldung: H1","protected":false},"author":2,"featured_media":0,"parent":0,"menu_order":2,"comment_status":"closed","ping_status":"closed","template":"","meta":{"footnotes":""},"class_list":["post-85","page","type-page","status-publish","hentry"],"_links":{"self":[{"href":"https:\/\/feuerwehr-espenau.de\/index.php\/wp-json\/wp\/v2\/pages\/85","targetHints":{"allow":["GET"]}}],"collection":[{"href":"https:\/\/feuerwehr-espenau.de\/index.php\/wp-json\/wp\/v2\/pages"}],"about":[{"href":"https:\/\/feuerwehr-espenau.de\/index.php\/wp-json\/wp\/v2\/types\/page"}],"author":[{"embeddable":true,"href":"https:\/\/feuerwehr-espenau.de\/index.php\/wp-json\/wp\/v2\/users\/2"}],"replies":[{"embeddable":true,"href":"https:\/\/feuerwehr-espenau.de\/index.php\/wp-json\/wp\/v2\/comments?post=85"}],"version-history":[{"count":9,"href":"https:\/\/feuerwehr-espenau.de\/index.php\/wp-json\/wp\/v2\/pages\/85\/revisions"}],"predecessor-version":[{"id":3462,"href":"https:\/\/feuerwehr-espenau.de\/index.php\/wp-json\/wp\/v2\/pages\/85\/revisions\/3462"}],"wp:attachment":[{"href":"https:\/\/feuerwehr-espenau.de\/index.php\/wp-json\/wp\/v2\/media?parent=85"}],"curies":[{"name":"wp","href":"https:\/\/api.w.org\/{rel}","templated":true}]}}